{"id":1435,"date":"2021-12-02T10:33:28","date_gmt":"2021-12-02T15:33:28","guid":{"rendered":"https:\/\/sebastienpitt.art\/?page_id=1435"},"modified":"2025-11-28T10:09:37","modified_gmt":"2025-11-28T15:09:37","slug":"about","status":"publish","type":"page","link":"https:\/\/sebastienpitt.art\/en\/","title":{"rendered":"About"},"content":{"rendered":"\n<figure class=\"wp-block-image alignright size-medium\"><a href=\"https:\/\/sebastienpitt.art\/wp-content\/uploads\/2025\/11\/IMG_0326-2-scaled.jpg\"><img loading=\"lazy\" decoding=\"async\" width=\"300\" height=\"300\" src=\"https:\/\/sebastienpitt.art\/wp-content\/uploads\/2025\/11\/IMG_0326-2-300x300.jpg\" alt=\"\" class=\"wp-image-2475\" srcset=\"https:\/\/sebastienpitt.art\/wp-content\/uploads\/2025\/11\/IMG_0326-2-300x300.jpg 300w, https:\/\/sebastienpitt.art\/wp-content\/uploads\/2025\/11\/IMG_0326-2-1024x1024.jpg 1024w, https:\/\/sebastienpitt.art\/wp-content\/uploads\/2025\/11\/IMG_0326-2-150x150.jpg 150w, https:\/\/sebastienpitt.art\/wp-content\/uploads\/2025\/11\/IMG_0326-2-768x768.jpg 768w, https:\/\/sebastienpitt.art\/wp-content\/uploads\/2025\/11\/IMG_0326-2-1536x1536.jpg 1536w, https:\/\/sebastienpitt.art\/wp-content\/uploads\/2025\/11\/IMG_0326-2-2048x2048.jpg 2048w\" sizes=\"auto, (max-width: 300px) 100vw, 300px\" \/><\/a><\/figure>\n\n\n\n<p>S\u00e9bastien Pitt is a digital artist from the Laurentians, Qu\u00e9bec, whose interdisciplinary practice spans audiovisual installations, performance, augmented reality, and NFTs. Recognized by the Canada Council for the Arts and the Conseil des arts et des lettres du Qu\u00e9bec, he creates generative and interactive works using a custom-built performative system, combining high-definition 3D elements with modular sound compositions. His work investigates the tension between perception and emotion, revealing the intangible through algorithmic textures, virtual fragments, and immersive rhythms.<\/p>\n\n\n\n<p>In 2025, he launched Fragments, a large-scale generative art project minted on-chain, conceived as a distributed visual system. With over 300,000 editions minted, Fragments challenges the boundaries of digital reproduction, uniqueness, and decentralized engagement.<\/p>\n\n\n\n<p>His works have been featured on platforms such as Blackdove (2024), TheCurated.app (2023), and ArtificialMuseum.com (Vienna Art Week, 2023), and exhibited at major events including Miami Digital Art Fair during Miami Digital Art Week (2024), First Friday \/ Digital Dreams KC in Kansas City (2024), Nathan Philips Square in Toronto (2023), New City Gaz \/ OxSociety in Montr\u00e9al (2022), and the SAT [Symposium IX] in Montr\u00e9al (2021).<\/p>\n\n\n\n<p>\ud83c\udf9b\ufe0f <strong>Generative, Interactive, and Performative Systems<\/strong><\/p>\n\n\n\n<p><strong>Creative Environments<\/strong> :<br>TouchDesigner, MAX, Ableton Live, M4L, Blender 3D, ARKit, Reality Composer. Push2, modular synthesizers.<\/p>\n\n\n\n<p><strong>Generative<\/strong> :<br>Real-time 3D rendering (4K @60 fps) through GLSL, Vertex Displacement, Point Cloud, OpenGL \u2013 Python, OSC\/UDP, MIDI, DMX, REST API.<\/p>\n\n\n\n<p><strong>Applications<\/strong> :<br>Synchronized audiovisual performance systems, interactive LiDAR\/AR installations, responsive light and sound systems, immersive environments, 4K @60fps horizontal &amp; vertical .mp4 \u2013 H.264 \/ H.265 (HEVC), NFTs.<\/p>\n\n\n\n<h3 class=\"wp-block-heading\">Recents works<\/h3>\n\n\n\n<p>March 2025<br><strong><a href=\"https:\/\/sebastienpitt.art\/fragments-collection\/?source=mysite\">Fragments of Segments<\/a><\/strong>&nbsp;is a collection of 96 still images (1024&#215;1024) derived from S\u00e9bastien Pitt\u2019s generative works&nbsp;<em>Segments [horizontal]<\/em>&nbsp;and&nbsp;<em>Segments [vertical]<\/em>. Each image captures a suspended instant\u2014where light, form, and texture meet at the edge of transformation\u2014offering a glimpse into shifting densities and ephemeral structures. Echoing the intimacy of miniature painting, these stills distill dynamic compositions into standalone digital artifacts. Since March 12, 2025, over <strong>342,234<\/strong> fragments have been minted across Polygon and Linea blockchains. Each fragment embeds a cryptographic memory\u2014a signature and a dynamic QR code\u2014linking back to its generative source and reflecting on the circulation, presence, and evolving value of digital art.<\/p>\n\n\n\n<p>Dec. 2024<br><strong><a href=\"https:\/\/www.instagram.com\/p\/DDNGLdqReIx\/\">Archives<\/a><\/strong> is an interactive digital tableau based on the piece of the same name from the <a href=\"https:\/\/app.blackdove.com\/artwork\/ae38af0c-30ed-4cc9-9cb6-d5be68de1b9f\"><strong>Segments [horizontal]<\/strong> collection on Blackdove Art<\/a>. Showcased at&nbsp;<a href=\"https:\/\/www.digitalartfair.miami\">Miami Digital Art Fair<\/a>, during Miami Art Week, it uses the LiDAR capabilities of the iPhone to subtly detect people\u2019s presence and establish an affective connection through their movements, shifting the landscape in real-time.<\/p>\n\n\n\n<p>May 2024<br><strong><a href=\"https:\/\/www.transient.xyz\/mint\/espace-dun-scandale\">Espace d&#8217;un scandale<\/a><\/strong> was unveiled during the <a href=\"https:\/\/www.instagram.com\/stories\/highlights\/18029158877020651\/\">First Friday event by Digital Dreams KC<\/a> and is showcased on one of the eight Blackdove Art screens at this unique digital gallery in Kansas City throughout the month of May. Non-fungible Token (NFT) minted on Arbitrum via <a href=\"https:\/\/www.transient.xyz\/\">Transient Labs<\/a>.<\/p>\n\n\n\n<p>2024<br><strong><a href=\"https:\/\/www.blackdove.com\/collections\/0d1ad575-b037-4df7-9631-85db9d3c719e\">Segments [horizontal]<\/a><\/strong>&nbsp;and&nbsp;<strong><a href=\"https:\/\/www.blackdove.com\/collections\/eadf3f32-1755-4352-a845-aec68a29433a\">Segments [vertical]<\/a><\/strong>&nbsp;are two collections of real-time generative artworks, rendered in 4K at 60 frames per second (H.264 \/ H.265) for digital display. They are featured in the catalog of the international digital art platform&nbsp;<strong><a href=\"https:\/\/app.blackdove.com\/\">Blackdove<\/a><\/strong>, alongside artists such as Refik Anadol, Daniel Canogar, Esteban Di\u00e1cono, and Bryan Brinkman. These works unfold in slow loops where light becomes both substance and motion.<\/p>\n\n\n\n<p>Nov 2023<br>Vienna Art Week: <strong><a href=\"https:\/\/artificialmuseum.com\/moon\/marecrisium\/fairedelespace\/#4.5\/22\/58\">Faire de l\u2019espace<\/a><\/strong>, 3D animated and sound artwork in reality presented with the augmented reality works of around twenty international artists, by <a href=\"https:\/\/thesystem.at\">System Kollektiv<\/a> at Creative Cluster Vienna.<\/p>\n\n\n\n<p>Sept. 2023<br><strong><a href=\"https:\/\/artificialmuseum.com\/moon\/marecrisium\/fairedelespace\/#4.5\/22\/58\">Faire de l\u2019espace<\/a><\/strong>, 3D animated and sound artwork in augmented reality presented during <a href=\"https:\/\/www.pixfilmcollective.com\/events\/nuit-blanche-to23\">Nuit Blanche in Toronto<\/a>. As part of \u201cTranslunar Formations\u201d, an exhibition organized by <a href=\"https:\/\/www.pixfilmcollective.com\/events\/nuit-blanche-to23\">PIX FILM<\/a> in collaboration with <a href=\"https:\/\/artificialmuseum.com\/about\/\">Artificial Museum<\/a> including the augmented reality works of 11 Canadian artists and presented at Nathan Philips Square will also be accessible from Waterfront Park near John\u2019s Pier.<\/p>\n\n\n\n<p>Juillet 2023<br><strong><a href=\"https:\/\/foundation.app\/mint\/eth\/0xFc1aACd61f4a177efCBA2BEdf2eE38e3964466AB\/1\">Plasmocyte ros\u00e9<\/a><\/strong> 3D animated and sound artwork presented among the NFT selection <a href=\"https:\/\/x.com\/thecurated_app\/status\/1680872468981108742\">\u201cPairi-da\u00eaza ~ A world of Paradise(s)\u201d by guest curator Lou-Atessa Marcellin and accessible on TheCurated.app<\/a><\/p>\n\n\n\n<p>Mai 2023<br><a href=\"https:\/\/www.pixfilmcollective.com\/events\/translunar-formations\">Translunar Formations<\/a>: Exhibition in augmented reality by 11 Canadian artists presented at <a href=\"https:\/\/www.linkedin.com\/feed\/update\/urn:li:activity:7109627105583271936\/\">Nathan Philips Square in Toronto<\/a> accessible on the <a href=\"https:\/\/artificialmuseum.com\/moon\/#2.5\/16\/59\">artificialmuseum.com<\/a> platform in collaboration with Pix Film Gallery<\/p>\n\n\n\n<p>Nov 2022<br><a href=\"https:\/\/twitter.com\/SebastienPitt\/media\">Participation<\/a> as a visual artist in the event <a href=\"https:\/\/particules.uqam.ca\/autrices-auteurs-et-artiste\/\">Particules V Edition 2022<\/a>&nbsp;on Twitter. Co-organized by <a href=\"http:\/\/lqm.uqam.ca\/\">Litt\u00e9rature qu\u00e9b\u00e9coise mobile<\/a> (LQM) and <a href=\"https:\/\/www.bleudiode.com\/\">Bleu Diode<\/a> with the collaboration of <a href=\"https:\/\/www.productionsrhizome.org\/fr\/\">Productions Rhizome<\/a>. The LQM Partnership is funded by the <a href=\"https:\/\/www.sshrc-crsh.gc.ca\/home-accueil-fra.aspx\">Social Sciences and Humanities Research Council of Canada<\/a>.<\/p>\n\n\n\n<p>Oct 2022<br><a href=\"https:\/\/www.instagram.com\/p\/CkJhwi7LA13\/\">Artistic performance<\/a> with 5 audiovisual performance stations, <a href=\"https:\/\/sebastienpitt.art\/realite-augmentee\/\">augmented reality<\/a> experiences and <a href=\"https:\/\/foundation.app\/@SPitt\">cryptographic art<\/a> during the 5th edition of the \u201c<a href=\"https:\/\/theatregillesvigneault.com\/communique-les-nourritures-terrestres-2022\/\">Nourritures terrestres<\/a>\u201d event which took place on October 14 at the <a href=\"https:\/\/theatregillesvigneault.com\">Gilles-Vigneault Theater<\/a> in collaboration with <a href=\"https:\/\/www.maclau.ca\/en\/\">Contemporary art museum of the Laurentians \u2013 MAC LAU<\/a><\/p>\n\n\n\n<p>Juin 2022<br><a href=\"https:\/\/foundation.app\/@SPitt\"><strong>Cryptographic Art (NFT)<\/strong><\/a> <a href=\"https:\/\/www.instagram.com\/p\/Cfh53wcL4z-\/\">exhibition<\/a> by&nbsp;<a href=\"https:\/\/0xsociety.com\">0x Society<\/a>&nbsp;at the New City Gas in Montr\u00e9al.<\/p>\n\n\n\n<p>October 2021<br><a href=\"https:\/\/www.facebook.com\/sebastien.pitt\/posts\/10223241214992914\">Exhibition<\/a> and <a href=\"https:\/\/www.facebook.com\/sebastien.pitt\/posts\/10223242161696581\">mediation<\/a> in digital arts <a href=\"https:\/\/www.facebook.com\/sebastien.pitt\/posts\/10223203172161867\">presented<\/a> as part of a project with the <a href=\"https:\/\/www.calq.gouv.qc.ca\/actualites-et-publications\/soutien-financier-17-projets-artistiques-laurentides\/#projets\">Conseil des arts et des lettres du Qu\u00e9bec, the MRC de Th\u00e9r\u00e8se-De Blainville and Culture Laurentides<\/a> at the <a href=\"https:\/\/ville.sainte-adele.qc.ca\/page-place-des-citoyens.php\">Place des Citoyens de la Ville de Sainte-Ad\u00e8le<\/a> on the 15th and October 16, 2021.<\/p>\n\n\n\n<p>September 2021<br><a href=\"https:\/\/www.linkedin.com\/posts\/sebastienpitt_segments-segmentsabrav-segmentsabrra-activity-6849794715303333888-2aFo\">Exhibition and mediation in digital arts presented<\/a> during the <a href=\"https:\/\/www.journeesdelaculture.qc.ca\/activites\/segments-exposition-en-arts-numeriques-par-sebastien-pitt?fbclid=IwAR1b_-_08AYHH4p39kClD5sbeutRm47FYgIiZT-RvPcFaZRYl5S9jV0WirU\">Journ\u00e9es de la culture<\/a> as part of a project with the <a href=\"https:\/\/www.calq.gouv.qc.ca\/actualites-et-publications\/soutien-financier-17-projets-artistiques-laurentides\/#projets\">Conseil des arts et des lettres du Qu\u00e9bec, the MRC de Th\u00e9r\u00e8se-De Blainville and Culture Laurentides<\/a> at the <a href=\"https:\/\/www.calq.gouv.qc.ca\/actualites-et-publications\/soutien-financier-17-projets-artistiques-laurentides\/#projets\">Maison Hamilton<\/a> in the <a href=\"https:\/\/www.ville.rosemere.qc.ca\/accueil\/\">City of Rosem\u00e8re<\/a> September 24, 25 and 26, 2021.<\/p>\n\n\n\n<p>September 2021<br><a href=\"https:\/\/www.facebook.com\/sebastien.pitt\/posts\/10223071919080622\"><strong>Audiovisual performance<\/strong><\/a> integrating 3D elements reacting in real time to&nbsp;sound arrangements composed with modular synthesizers. This performance was broadcast online during the <a href=\"https:\/\/www.tonwiki.ca\">Wikithon<\/a> of <a href=\"https:\/\/www.tonwiki.ca\">3L Culture num\u00e9rique<\/a> with <a href=\"https:\/\/www.tonwiki.ca\">Culture Laval<\/a>, <a href=\"https:\/\/www.facebook.com\/culturelaurentides\/?__cft__[0]=AZXSM6LV0eAfq2gME-FONfijxlQgSnAOXzXuaFZd7vL6q1L9mYPydekoqt-ieqtgQZ63MP60CEC_dy8jv5ahpTZFAN0SyOjTzKc0xzghWGhBpHsc-C6WTFzkbfMRMZOwMjs4OToXBqEGy_mEB_2B7T-4&amp;__tn__=kK-R\">Culture Laurentides<\/a> and <a href=\"https:\/\/www.facebook.com\/culturelanaudiere\/?__cft__[0]=AZXSM6LV0eAfq2gME-FONfijxlQgSnAOXzXuaFZd7vL6q1L9mYPydekoqt-ieqtgQZ63MP60CEC_dy8jv5ahpTZFAN0SyOjTzKc0xzghWGhBpHsc-C6WTFzkbfMRMZOwMjs4OToXBqEGy_mEB_2B7T-4&amp;__tn__=kK-R\">Culture Lanaudi\u00e8re<\/a> on September 9, 2021.<\/p>\n\n\n\n<p>February 2021<br><a href=\"https:\/\/ix.sat.qc.ca\/symposium-ix-expo.html\">Demonstration of an interactive installation entitled <strong>Creuser l&#8217;Espace<\/strong><\/a> presented during the <a href=\"https:\/\/ix.sat.qc.ca\">7th edition of the Symposium IX &#8211; Sound &amp; Immersion of the Society of Technological Arts [SAT]<\/a><\/p>\n\n\n\n<p>2020-11<br><a href=\"http:\/\/2020-11 Participation in the Quarantine Auction event\" data-wplink-url-error=\"true\">Participation in the Quarantine Auction event<\/a><\/p>\n\n\n\n<p>2020-10<br>Participation as a visual artist in the online event <a href=\"http:\/\/particules.journeesdelaculture.qc.ca\">Particules &#8211; Unexpected Correspondences &#8211; 2020<\/a>, as part of the days of culture.<\/p>\n\n\n\n<p>2019<br><a href=\"https:\/\/vimeo.com\/368835588\">Prototype of an interactive installation based on an ambisonic sound spatialization system, supported by an artificial intelligence algorithm.<\/a><\/p>\n\n\n\n<h3 class=\"wp-block-heading\">Grants and program<\/h3>\n\n\n\n<div class=\"ZyvIDe\">\n<div class=\"a8FIud L6rCcb\" data-apply-responsive-style=\"true\" data-classes=\"\" data-initial-translation-length=\"0\" data-saved-translation-limit-reached=\"false\">\n<div data-show-delay-ms=\"250\" data-append-to-body=\"false\" data-propagate-tooltip-mouseover-events=\"true\" data-anchor-corner=\"bottom-end\" data-enable-skip-handler=\"false\" data-popup-corner=\"top-end\">\n<div>\n<div class=\"VfPpkd-Bz112c-Jh9lGc\">April 2022<\/div>\n<\/div>\n<\/div>\n<div class=\"dePhmb\" aria-live=\"polite\">\n<div class=\"eyKpYb\" data-language=\"en\" data-original-language=\"fr\" data-result-index=\"0\">\n<div class=\"J0lOec\"><span class=\"VIiyi\" lang=\"en\"><span class=\"JLqJ4b ChMk0b\" data-language-for-alternatives=\"en\" data-language-to-translate-into=\"fr\" data-phrase-index=\"0\" data-number-of-phrases=\"3\"><span class=\"Q4iAWc\">&nbsp;<a class=\"oajrlxb2 g5ia77u1 qu0x051f esr5mh6w e9989ue4 r7d6kgcz rq0escxv nhd2j8a9 nc684nl6 p7hjln8o kvgmc6g5 cxmmr5t8 oygrvhab hcukyx3x jb3vyjys rz4wbd8a qt6c0cv9 a8nywdso i1ao9s8h esuyzwwr f1sip0of lzcic4wl gpro0wi8 q66pz984 b1v8xokw\" tabindex=\"0\" role=\"link\" href=\"https:\/\/www.facebook.com\/hashtag\/0xgrants?__eep__=6&amp;__cft__[0]=AZWl_VDNHdfM5vcDDGdTh2znOykg7NhvVIFcwqEaFPQLGCKe37N0dAWopBd6FwW4oOFlFhyPTEAhsg_K3SyhAoGI0fTKKpH4ej8d9Jh5wGoE0Rb2GlnM0cW5bLMCEvVm5BPHBHfdAYXQku_58r70AKtGu-yLQmuLOHuSovea6RbqUl7Uh2LfcmsYnrRBtCrweQijjjBc03gAJIkaPrauLGmr&amp;__tn__=*NK-y-R\">#0xGrants<\/a> Support Program: Support for the process of creating NFT cryptographic work (non-fungible token)<\/span><\/span><\/span><\/div>\n<div class=\"J0lOec\"><span class=\"VIiyi\" lang=\"en\"><span class=\"JLqJ4b ChMk0b\" data-language-for-alternatives=\"en\" data-language-to-translate-into=\"fr\" data-phrase-index=\"0\" data-number-of-phrases=\"3\"><span class=\"JLqJ4b\" data-language-for-alternatives=\"en\" data-language-to-translate-into=\"fr\" data-phrase-index=\"1\" data-number-of-phrases=\"3\"><span class=\"Q4iAWc\">First crypto art center in Canada, <a href=\"https:\/\/0xsociety.com\">0x Society<\/a> is a non-profit organization focused on promoting, disseminating and supporting the crypto art movement.<\/span><\/span><\/span><\/span><\/div>\n<div>&nbsp;<\/div>\n<\/div>\n<\/div>\n<\/div>\n<\/div>\n\n\n\n<p>2020-11<br><a href=\"https:\/\/www.calq.gouv.qc.ca\/actualites-et-publications\/soutien-financier-17-projets-artistiques-laurentides\/#projets\">Laurentian Territorial Partnership Program 2020-2021 resulting from the Territorial Partnership Agreement in connection with the Laurentian community.<\/a><\/p>\n\n\n\n<p>2018<br>Research and Creation, Digital Arts, Canada Council for the Arts<\/p>\n\n\n\n<p>2017<br>Professional Development for Artists, Digital Arts, Canada Council for the Arts<br>Master class in digital programming and production in Marseille, France<\/p>\n\n\n\n<p><\/p>\n\n\n<!-- wp:themify-builder\/canvas \/-->","protected":false},"excerpt":{"rendered":"<p>S\u00e9bastien Pitt is a digital artist from the Laurentians, Qu\u00e9bec, whose interdisciplinary practice spans audiovisual installations, performance, augmented reality, and NFTs. Recognized by the Canada Council for the Arts and the Conseil des arts et des lettres du Qu\u00e9bec, he creates generative and interactive works using a custom-built performative system, combining high-definition 3D elements with [&hellip;]<\/p>\n","protected":false},"author":1,"featured_media":0,"parent":0,"menu_order":0,"comment_status":"closed","ping_status":"closed","template":"","meta":{"_acf_changed":false,"footnotes":""},"class_list":["post-1435","page","type-page","status-publish","hentry","has-post-title","has-post-date","has-post-category","has-post-tag","has-post-comment","has-post-author",""],"acf":[],"builder_content":"","_links":{"self":[{"href":"https:\/\/sebastienpitt.art\/en\/wp-json\/wp\/v2\/pages\/1435","targetHints":{"allow":["GET"]}}],"collection":[{"href":"https:\/\/sebastienpitt.art\/en\/wp-json\/wp\/v2\/pages"}],"about":[{"href":"https:\/\/sebastienpitt.art\/en\/wp-json\/wp\/v2\/types\/page"}],"author":[{"embeddable":true,"href":"https:\/\/sebastienpitt.art\/en\/wp-json\/wp\/v2\/users\/1"}],"replies":[{"embeddable":true,"href":"https:\/\/sebastienpitt.art\/en\/wp-json\/wp\/v2\/comments?post=1435"}],"version-history":[{"count":158,"href":"https:\/\/sebastienpitt.art\/en\/wp-json\/wp\/v2\/pages\/1435\/revisions"}],"predecessor-version":[{"id":2479,"href":"https:\/\/sebastienpitt.art\/en\/wp-json\/wp\/v2\/pages\/1435\/revisions\/2479"}],"wp:attachment":[{"href":"https:\/\/sebastienpitt.art\/en\/wp-json\/wp\/v2\/media?parent=1435"}],"curies":[{"name":"wp","href":"https:\/\/api.w.org\/{rel}","templated":true}]}}